{"id":6808,"date":"2026-05-02T21:13:34","date_gmt":"2026-05-02T21:13:34","guid":{"rendered":"https:\/\/mexico.distroller.com\/?page_id=6808"},"modified":"2026-05-02T22:04:42","modified_gmt":"2026-05-02T22:04:42","slug":"ksi-merito-oriyinals-machincuepa-distroller","status":"publish","type":"page","link":"https:\/\/mexico.distroller.com\/?page_id=6808","title":{"rendered":"Ksi-Merito Oriyinals Machincuepa Distroller"},"content":{"rendered":"\n<style>\n.dtr-photo{\n  background:#fff;\n  border-radius:16px;\n  box-shadow:0 8px 24px rgba(31,22,54,.12);\n  padding:12px;\n  display:grid;\n  place-items:center;\n}\n\n.dtr-media-frame{\n  width:100%;\n  max-width:560px;\n  aspect-ratio:4 \/ 5;\n  border-radius:12px;\n  overflow:hidden;\n  display:grid;\n  place-items:center;\n  background:#fff;\n}\n\n.dtr-media-frame > img,\n.dtr-media-frame > video{\n  width:100%;\n  height:100%;\n  object-fit:contain;\n  display:block;\n  border-radius:12px;\n}\n<\/style>\n\n<div class=\"dtr-product-page\">\n\n  <section class=\"dtr-product-hero\">\n\n    <div class=\"dtr-thumbs\" aria-label=\"Galer\u00eda de im\u00e1genes\">\n\n      <button class=\"dtr-thumb\" aria-current=\"true\" data-type=\"image\">\n        <img decoding=\"async\" src=\"https:\/\/mexico.distroller.com\/wp-content\/uploads\/2026\/05\/5e.jpeg\" alt=\"Ksi-Merito Oriyinals Machincuepa Distroller\" loading=\"lazy\">\n      <\/button>\n\n      <button class=\"dtr-thumb\" data-type=\"image\">\n        <img decoding=\"async\" src=\"https:\/\/mexico.distroller.com\/wp-content\/uploads\/2026\/05\/5d.jpeg\" alt=\"Ksi-Merito Oriyinals Machincuepa Distroller\" loading=\"lazy\">\n      <\/button>\n\n      <button class=\"dtr-thumb\" data-type=\"image\">\n        <img decoding=\"async\" src=\"https:\/\/mexico.distroller.com\/wp-content\/uploads\/2026\/05\/5c.jpeg\" alt=\"Ksi-Merito Oriyinals Machincuepa Distroller\" loading=\"lazy\">\n      <\/button>\n\n      <button class=\"dtr-thumb\" data-type=\"image\">\n        <img decoding=\"async\" src=\"https:\/\/mexico.distroller.com\/wp-content\/uploads\/2026\/05\/5b.jpeg\" alt=\"Ksi-Merito Oriyinals Machincuepa Distroller\" loading=\"lazy\">\n      <\/button>\n\n      <button class=\"dtr-thumb\" data-type=\"image\">\n        <img decoding=\"async\" src=\"https:\/\/mexico.distroller.com\/wp-content\/uploads\/2026\/05\/5a.jpeg\" alt=\"Ksi-Merito Oriyinals Machincuepa Distroller\" loading=\"lazy\">\n      <\/button>\n\n    <\/div>\n\n    <figure class=\"dtr-photo\">\n      <div class=\"dtr-media-frame\">\n        <img decoding=\"async\" id=\"dtr-main\"\n             src=\"https:\/\/mexico.distroller.com\/wp-content\/uploads\/2026\/05\/5e.jpeg\"\n             alt=\"Ksi-Merito Oriyinals Machincuepa Distroller\">\n      <\/div>\n    <\/figure>\n\n    <aside class=\"dtr-info\">\n      <h1 class=\"dtr-title\">Ksi-Merito Oriyinals Machincuepa Distroller<\/h1>\n\n      <div class=\"dtr-buy-title\">\n        <p class=\"dtr-buy-subtitle\">Una de las primer\u00edsimas especies descubiertas por la Enfermera Tania!!!<\/p>\n        <h2>\u00a1Encu\u00e9ntralos en!<\/h2>\n      <\/div>\n\n      <div class=\"dtr-buy dtr-buy--logos\">\n\n  <a class=\"dtr-store\" href=\"https:\/\/www.mercadolibre.com.mx\/ksimerito-oriyinals-machincuepa-distroller\/up\/MLMU3803693728?pdp_filters=item_id%3AMLM2745588435#polycard_client=mshops-appearance-api&#038;title=Lo+%2B+Nuevo%21%21%21&#038;tracking_id=143a50c79190d743521f1f64928fa47c&#038;component=tabbed_carousel&#038;wid=MLM2745588435&#038;sid=storefronts&#038;global_position=7\" target=\"_blank\" rel=\"noopener\" aria-label=\"Comprar en Mercado Libre\">\n    <img decoding=\"async\" src=\"https:\/\/mexico.distroller.com\/wp-content\/uploads\/2025\/09\/logosfinales2\/mercadolibre.png\" alt=\"Mercado Libre\">\n  <\/a>\n\n  <a class=\"dtr-store\" href=\"https:\/\/www.amazon.com.mx\/stores\/page\/63CA5122-8845-4948-8F8B-304802051923\/ref=sxts_spks_0_0_fa472ac1-dcfc-4d15-ab96-b13402fbe773?pd_rd_w=5DyGB&#038;content-id=amzn1.sym.fa472ac1-dcfc-4d15-ab96-b13402fbe773:amzn1.sym.fa472ac1-dcfc-4d15-ab96-b13402fbe773&#038;pf_rd_p=fa472ac1-dcfc-4d15-ab96-b13402fbe773&#038;pf_rd_r=A8MYSCMZVHEPKVDVKXBB&#038;pd_rd_wg=ABj4g&#038;pd_rd_r=1771d647-dddc-4a02-9020-3c206c83cae9&#038;qid=1663001605\" target=\"_blank\" rel=\"noopener\" aria-label=\"Comprar en Amazon\">\n    <img decoding=\"async\" src=\"https:\/\/mexico.distroller.com\/wp-content\/uploads\/2025\/09\/logosfinales2\/amazon.png\" alt=\"Amazon\">\n  <\/a>\n\n  <a class=\"dtr-store\" href=\"https:\/\/www.walmart.com.mx\/ip\/muneca-distroller-ksi-merito-oriyinals-machincuepa\/00750617692949?fulfillmentIntent=Delivery&#038;filters=%5B%7B%22intent%22%3A%22fulfillmentIntent%22%2C%22values%22%3A%5B%22Delivery%22%5D%7D%5D&#038;athbdg=L6000&#038;from=\/search\" target=\"_blank\" rel=\"noopener\" aria-label=\"Comprar en Walmart\">\n    <img decoding=\"async\" src=\"https:\/\/mexico.distroller.com\/wp-content\/uploads\/2025\/09\/logosfinales2\/walmart.png\" alt=\"Walmart\">\n  <\/a>\n\n  <a class=\"dtr-store\" href=\"https:\/\/www.liverpool.com.mx\/tienda\/page-1?s=distroller\" target=\"_blank\" rel=\"noopener\" aria-label=\"Comprar en Liverpool\">\n    <img decoding=\"async\" src=\"https:\/\/mexico.distroller.com\/wp-content\/uploads\/2025\/09\/logosfinales2\/liverpool.png\" alt=\"Liverpool\">\n  <\/a>\n\n<\/div>\n\n      <div class=\"dtr-desc\">\n        <h2 class=\"dtr-section-title\" style=\"margin-bottom:8px\">Descripci\u00f3n del cr\u00edo<\/h2>\n        <p>\n          Congratuleishons!!! Est\u00e1s por adoptar una de las primer\u00edsimas especies descubiertas por la Enfermera Tania!!!\n          Ad\u00f3ptala en fa y convierte su empaque en una neo-cuna para que el pimpollo descanse!!!\n          Incluye su chup\u00f3n y ksi-suero pa\u00b4mantenerlo 102% sano y con olor 102% deli!!!\n        <\/p>\n      <\/div>\n    <\/aside>\n  <\/section>\n\n<\/div>\n\n<script>\n(function(){\n  const mainImg = document.getElementById('dtr-main');\n  const thumbs = document.querySelectorAll('.dtr-thumb');\n\n  thumbs.forEach(btn=>{\n    btn.addEventListener('click', ()=>{\n      thumbs.forEach(b=>b.setAttribute('aria-current','false'));\n      btn.setAttribute('aria-current','true');\n\n      const img = btn.querySelector('img');\n      mainImg.src = img.src;\n      mainImg.alt = img.alt;\n    });\n\n    btn.addEventListener('keydown', e=>{\n      if(e.key === 'Enter' || e.key === ' '){\n        e.preventDefault();\n        btn.click();\n      }\n    });\n  });\n})();\n<\/script>\n","protected":false},"excerpt":{"rendered":"<p>Ksi-Merito Oriyinals Machincuepa Distroller Una de las primer\u00edsimas especies descubiertas por la Enfermera Tania!!! \u00a1Encu\u00e9ntralos en! Descripci\u00f3n del cr\u00edo Congratuleishons!!! Est\u00e1s por &#8230; <a title=\"Ksi-Merito Oriyinals Machincuepa Distroller\" class=\"read-more\" href=\"https:\/\/mexico.distroller.com\/?page_id=6808\" aria-label=\"Read more about Ksi-Merito Oriyinals Machincuepa Distroller\">Read more<\/a><\/p>\n","protected":false},"author":1,"featured_media":0,"parent":0,"menu_order":0,"comment_status":"closed","ping_status":"closed","template":"","meta":{"_acf_changed":false,"footnotes":""},"class_list":["post-6808","page","type-page","status-publish"],"acf":[],"_links":{"self":[{"href":"https:\/\/mexico.distroller.com\/index.php?rest_route=\/wp\/v2\/pages\/6808","targetHints":{"allow":["GET"]}}],"collection":[{"href":"https:\/\/mexico.distroller.com\/index.php?rest_route=\/wp\/v2\/pages"}],"about":[{"href":"https:\/\/mexico.distroller.com\/index.php?rest_route=\/wp\/v2\/types\/page"}],"author":[{"embeddable":true,"href":"https:\/\/mexico.distroller.com\/index.php?rest_route=\/wp\/v2\/users\/1"}],"replies":[{"embeddable":true,"href":"https:\/\/mexico.distroller.com\/index.php?rest_route=%2Fwp%2Fv2%2Fcomments&post=6808"}],"version-history":[{"count":2,"href":"https:\/\/mexico.distroller.com\/index.php?rest_route=\/wp\/v2\/pages\/6808\/revisions"}],"predecessor-version":[{"id":6823,"href":"https:\/\/mexico.distroller.com\/index.php?rest_route=\/wp\/v2\/pages\/6808\/revisions\/6823"}],"wp:attachment":[{"href":"https:\/\/mexico.distroller.com\/index.php?rest_route=%2Fwp%2Fv2%2Fmedia&parent=6808"}],"curies":[{"name":"wp","href":"https:\/\/api.w.org\/{rel}","templated":true}]}}