{"id":6606,"date":"2026-02-17T18:37:25","date_gmt":"2026-02-17T18:37:25","guid":{"rendered":"https:\/\/mexico.distroller.com\/?page_id=6606"},"modified":"2026-02-18T17:12:31","modified_gmt":"2026-02-18T17:12:31","slug":"ksi-merito-manchicuepa-niu-evolushion-p14","status":"publish","type":"page","link":"https:\/\/mexico.distroller.com\/?page_id=6606","title":{"rendered":"Ksi-Merito Manchicuepa  p14"},"content":{"rendered":"\n<style>\n\/* === FRAME del media principal (mantiene tama\u00f1o consistente) === *\/\n.dtr-photo{\n  background:#fff;\n  border-radius:16px;\n  box-shadow:0 8px 24px rgba(31,22,54,.12);\n  padding:12px;\n  display:grid;\n  place-items:center;\n}\n\n\/* Tama\u00f1o \u201cbien\u201d: consistente (no gigante) *\/\n.dtr-media-frame{\n  width:100%;\n  max-width:560px;\n  aspect-ratio:4 \/ 5;\n  border-radius:12px;\n  overflow:hidden;\n  display:grid;\n  place-items:center;\n  background:#fff;\n}\n\n.dtr-media-frame > img,\n.dtr-media-frame > video{\n  width:100%;\n  height:100%;\n  object-fit:contain;\n  display:block;\n  border-radius:12px;\n}\n<\/style>\n\n<div class=\"dtr-product-page\">\n\n  <!-- HERO -->\n  <section class=\"dtr-product-hero\">\n    <!-- Thumbnails -->\n    <div class=\"dtr-thumbs\" aria-label=\"Galer\u00eda de im\u00e1genes\">\n\n      <button class=\"dtr-thumb\" aria-current=\"true\" data-type=\"image\">\n        <img decoding=\"async\" src=\"https:\/\/mexico.distroller.com\/wp-content\/uploads\/2026\/02\/7506176929440_1.jpg\" alt=\"Ksi-Merito Manchicuepa vista frontal\" loading=\"lazy\">\n      <\/button>\n\n      <button class=\"dtr-thumb\" data-type=\"image\">\n        <img decoding=\"async\" src=\"https:\/\/mexico.distroller.com\/wp-content\/uploads\/2026\/02\/7506176929440_5.jpg\" alt=\"Ksi-Merito Manchicuepa vista frontal\" loading=\"lazy\">\n      <\/button>\n\n      <button class=\"dtr-thumb\" data-type=\"image\">\n        <img decoding=\"async\" src=\"https:\/\/mexico.distroller.com\/wp-content\/uploads\/2026\/02\/7506176929440_6.jpg\" alt=\"Ksi-Merito Manchicuepa\" loading=\"lazy\">\n      <\/button>\n\n      <button class=\"dtr-thumb\" data-type=\"image\">\n        <img decoding=\"async\" src=\"https:\/\/mexico.distroller.com\/wp-content\/uploads\/2026\/02\/7506176929440_2.jpg\" alt=\"Ksi-Merito Manchicuepa\" loading=\"lazy\">\n      <\/button>\n\n      <button class=\"dtr-thumb\" data-type=\"image\">\n        <img decoding=\"async\" src=\"https:\/\/mexico.distroller.com\/wp-content\/uploads\/2026\/02\/7506176929440_4.jpg\" alt=\"Ksi-merito Guats Niu Evolushion\" loading=\"lazy\">\n      <\/button>\n\n      <button class=\"dtr-thumb\" data-type=\"image\">\n        <img decoding=\"async\" src=\"https:\/\/mexico.distroller.com\/wp-content\/uploads\/2026\/02\/7506176929440_3.jpg\" alt=\"Ksi-merito Guats Niu Evolushion\" loading=\"lazy\">\n      <\/button>\n\n     \n\n    <\/div>\n\n    <!-- Main media -->\n    <figure class=\"dtr-photo\">\n      <div class=\"dtr-media-frame\">\n\n        <!-- Imagen principal (default) -->\n        <img decoding=\"async\" id=\"dtr-main\"\n             src=\"https:\/\/mexico.distroller.com\/wp-content\/uploads\/2026\/02\/7506176929440_1.jpg\"\n             alt=\"Ksi-Merito Guats vista frontal\">\n\n        <!-- Video principal (oculto por defecto) -->\n        <video id=\"dtr-main-video\"\n               controls\n               preload=\"metadata\"\n               playsinline\n               style=\"display:none;\">\n          <source src=\"\" type=\"video\/mp4\">\n          Tu navegador no soporta video.\n        <\/video>\n\n      <\/div>\n    <\/figure>\n\n    <!-- Info -->\n    <aside class=\"dtr-info\">\n      <h1 class=\"dtr-title\">Ksi-Merito Manchicuepa<\/h1>\n\n      <p class=\"dtr-meta\">Art\u00edculo: 7506176926128<\/p>\n\n      <div class=\"dtr-buy-title\">\n        <p class=\"dtr-buy-subtitle\">Convierte su empaque en una neo-cuna!!!!!<\/p>\n        <h2>\u00a1Encu\u00e9ntralos en!<\/h2>\n      <\/div>\n\n      <div class=\"dtr-buy dtr-buy--logos\">\n        <!-- Mercado Libre -->\n        <a class=\"dtr-store\" href=\"https:\/\/www.mercadolibre.com.mx\/tienda\/distroller\" target=\"_blank\" rel=\"noopener\" aria-label=\"Comprar en Mercado Libre\">\n          <img decoding=\"async\" src=\"https:\/\/mexico.distroller.com\/wp-content\/uploads\/2025\/09\/logosfinales2\/mercadolibre.png\" alt=\"\">\n        <\/a>\n\n        <!-- Liverpool -->\n        <a class=\"dtr-store\" href=\"https:\/\/www.liverpool.com.mx\/tienda\/pdp\/mu%C3%B1eca-distroller-distroller-beb%C3%A9-ksi-merito-chivatita\/1184756745?skuid=1184756745\" target=\"_blank\" rel=\"noopener\" aria-label=\"Comprar en Liverpool\">\n          <img decoding=\"async\" src=\"https:\/\/mexico.distroller.com\/wp-content\/uploads\/2025\/09\/logosfinales2\/liverpool.png\" alt=\"\">\n        <\/a>\n      <\/div>\n\n      <div class=\"dtr-desc\">\n        <h2 class=\"dtr-section-title\" style=\"margin-bottom:8px\">Descripci\u00f3n del cr\u00edo<\/h2>\n        <p>\n          Machincuepa pertenece a la especie Ksi-merito, la especie + mi vida del cunero con olor 102% deli!!!\nAd\u00f3ptala en fa y convierte su empaque en una neo-cuna para que el pimpollo descanse!!!\nIncluye su chup\u00f3n y ksi-suero que es mega importante para que se adapten a la presi\u00f3n\natmosf\u00e9rica terrestre!!!\n        <\/p>\n      <\/div>\n    <\/aside>\n  <\/section>\n\n  <!-- RELATED (igual a tu p\u00e1gina) -->\n  <section class=\"dtr-related\">\n    <h2 class=\"dtr-section-title\">Neonatos similares<\/h2>\n    <div class=\"dtr-rel-track\">\n\n      <!-- Card 1 -->\n      <article class=\"dtr-card\">\n        <a href=\"https:\/\/mexico.distroller.com\/?page_id=5148\">\n          <img decoding=\"async\" src=\"https:\/\/mexico.distroller.com\/wp-content\/uploads\/2025\/09\/3ini.jpg\" alt=\"Ksi-Merito Isabelonga Kolors\" loading=\"lazy\">\n        <\/a>\n        <h3>Ksi-Merito<\/h3>\n        <h3>Isabelonga Kolors<\/h3>\n        <p>Incluye chup\u00f3n y suero para cuidarlo!!!<\/p>\n        <a class=\"dtr-cta\" href=\"https:\/\/mexico.distroller.com\/?page_id=5148\">\n          <img decoding=\"async\" class=\"btn-adoptalo\"\n               src=\"https:\/\/mexico.distroller.com\/wp-content\/uploads\/2025\/09\/SITE-MAP-DISTROLLER-WEB-MOCKUP-2025-02.webp\"\n               alt=\"Ad\u00f3ptalo\">\n        <\/a>\n      <\/article>\n\n      <!-- Card 2 -->\n      <article class=\"dtr-card\">\n        <a href=\"https:\/\/mexico.distroller.com\/?page_id=5173\">\n          <img decoding=\"async\" src=\"https:\/\/mexico.distroller.com\/wp-content\/uploads\/2025\/09\/Carrusel6.png\" alt=\"Mikro K-Kito Evaqador K-Karlita\" loading=\"lazy\">\n        <\/a>\n        <h3>Mikro K-Kito<\/h3>\n        <h3>Evaqador K-Karlita<\/h3>\n        <p>Incluye K-ki Esnak!!!<\/p>\n        <a class=\"dtr-cta\" href=\"https:\/\/mexico.distroller.com\/?page_id=5173\">\n          <img decoding=\"async\" class=\"btn-adoptalo\"\n               src=\"https:\/\/mexico.distroller.com\/wp-content\/uploads\/2025\/09\/SITE-MAP-DISTROLLER-WEB-MOCKUP-2025-02.webp\"\n               alt=\"Ad\u00f3ptalo\">\n        <\/a>\n      <\/article>\n\n      <!-- Card 3 -->\n      <article class=\"dtr-card\">\n        <a href=\"https:\/\/mexico.distroller.com\/?page_id=5169\">\n          <img decoding=\"async\" src=\"https:\/\/mexico.distroller.com\/wp-content\/uploads\/2025\/09\/5d.jpg\" alt=\"Ksi-Merito Susikin Kolors\" loading=\"lazy\">\n        <\/a>\n        <h3>Ksi-Merito Susikin Kolors<\/h3>\n        <p>Incluye chup\u00f3n y suero para cuidarlo!!!<\/p>\n        <a class=\"dtr-cta\" href=\"https:\/\/mexico.distroller.com\/?page_id=5169\">\n          <img decoding=\"async\" class=\"btn-adoptalo\"\n               src=\"https:\/\/mexico.distroller.com\/wp-content\/uploads\/2025\/09\/SITE-MAP-DISTROLLER-WEB-MOCKUP-2025-02.webp\"\n               alt=\"Ad\u00f3ptalo\">\n        <\/a>\n      <\/article>\n\n      <!-- Card 4 -->\n      <article class=\"dtr-card\">\n        <a href=\"https:\/\/mexico.distroller.com\/?page_id=5191\">\n          <img decoding=\"async\" src=\"https:\/\/mexico.distroller.com\/wp-content\/uploads\/2021\/02\/fotos-CARROUSEL2-07.png\" alt=\"Ksi-Merito Gemelo DeiNait Nochema\" loading=\"lazy\">\n        <\/a>\n        <h3>Ksi-Merito Gemelo DeiNait Nochema<\/h3>\n        <p>Incluye una tiniux pa&#8217;l ba\u00f1o nocturno!!!<\/p>\n        <a class=\"dtr-cta\" href=\"https:\/\/mexico.distroller.com\/?page_id=5191\">\n          <img decoding=\"async\" class=\"btn-adoptalo\"\n               src=\"https:\/\/mexico.distroller.com\/wp-content\/uploads\/2025\/09\/SITE-MAP-DISTROLLER-WEB-MOCKUP-2025-02.webp\"\n               alt=\"Ad\u00f3ptalo\">\n        <\/a>\n      <\/article>\n\n    <\/div>\n  <\/section>\n\n<\/div>\n\n<script>\n\/* Mini-galer\u00eda: im\u00e1genes + video (mismo frame\/tama\u00f1o) *\/\n(function(){\n  const mainImg = document.getElementById('dtr-main');\n  const mainVideo = document.getElementById('dtr-main-video');\n  const videoSource = mainVideo.querySelector('source');\n  const thumbs = document.querySelectorAll('.dtr-thumb');\n\n  function showImage(img){\n    mainVideo.pause();\n    mainVideo.style.display = 'none';\n    mainImg.style.display = 'block';\n    mainImg.src = img.src;\n    mainImg.alt = img.alt;\n  }\n\n  function showVideo(url){\n    mainImg.style.display = 'none';\n    videoSource.src = url;\n    mainVideo.load();\n    mainVideo.style.display = 'block';\n    mainVideo.play().catch(()=>{});\n  }\n\n  thumbs.forEach(btn=>{\n    btn.addEventListener('click', ()=>{\n      thumbs.forEach(b=>b.setAttribute('aria-current','false'));\n      btn.setAttribute('aria-current','true');\n\n      const type = btn.dataset.type || 'image';\n      if(type === 'video'){\n        showVideo(btn.dataset.video);\n      }else{\n        const img = btn.querySelector('img');\n        showImage(img);\n      }\n    });\n\n    btn.addEventListener('keydown', e=>{\n      if(e.key === 'Enter' || e.key === ' '){\n        e.preventDefault();\n        btn.click();\n      }\n    });\n  });\n})();\n<\/script>\n","protected":false},"excerpt":{"rendered":"<p>Tu navegador no soporta video. Ksi-Merito Manchicuepa Art\u00edculo: 7506176926128 Convierte su empaque en una neo-cuna!!!!! \u00a1Encu\u00e9ntralos en! Descripci\u00f3n del cr\u00edo Machincuepa pertenece &#8230; <a title=\"Ksi-Merito Manchicuepa  p14\" class=\"read-more\" href=\"https:\/\/mexico.distroller.com\/?page_id=6606\" aria-label=\"Read more about Ksi-Merito Manchicuepa  p14\">Read more<\/a><\/p>\n","protected":false},"author":1,"featured_media":0,"parent":0,"menu_order":0,"comment_status":"closed","ping_status":"closed","template":"","meta":{"_acf_changed":false,"footnotes":""},"class_list":["post-6606","page","type-page","status-publish"],"acf":[],"_links":{"self":[{"href":"https:\/\/mexico.distroller.com\/index.php?rest_route=\/wp\/v2\/pages\/6606","targetHints":{"allow":["GET"]}}],"collection":[{"href":"https:\/\/mexico.distroller.com\/index.php?rest_route=\/wp\/v2\/pages"}],"about":[{"href":"https:\/\/mexico.distroller.com\/index.php?rest_route=\/wp\/v2\/types\/page"}],"author":[{"embeddable":true,"href":"https:\/\/mexico.distroller.com\/index.php?rest_route=\/wp\/v2\/users\/1"}],"replies":[{"embeddable":true,"href":"https:\/\/mexico.distroller.com\/index.php?rest_route=%2Fwp%2Fv2%2Fcomments&post=6606"}],"version-history":[{"count":15,"href":"https:\/\/mexico.distroller.com\/index.php?rest_route=\/wp\/v2\/pages\/6606\/revisions"}],"predecessor-version":[{"id":6676,"href":"https:\/\/mexico.distroller.com\/index.php?rest_route=\/wp\/v2\/pages\/6606\/revisions\/6676"}],"wp:attachment":[{"href":"https:\/\/mexico.distroller.com\/index.php?rest_route=%2Fwp%2Fv2%2Fmedia&parent=6606"}],"curies":[{"name":"wp","href":"https:\/\/api.w.org\/{rel}","templated":true}]}}