{"id":5217,"date":"2025-09-15T01:15:50","date_gmt":"2025-09-15T01:15:50","guid":{"rendered":"https:\/\/mexico.distroller.com\/wordpress2\/?page_id=5217"},"modified":"2026-01-30T18:39:39","modified_gmt":"2026-01-30T18:39:39","slug":"producto11","status":"publish","type":"page","link":"https:\/\/mexico.distroller.com\/?page_id=5217","title":{"rendered":"Ksi-Merito Chivatita Kolors- Prod 11"},"content":{"rendered":"\n<div>\n<style>\n\/* === FRAME del media principal (mantiene tama\u00f1o consistente) === *\/\n.dtr-photo{\n  background:#fff;\n  border-radius:16px;\n  box-shadow:0 8px 24px rgba(31,22,54,.12);\n  padding:12px;\n  display:grid;\n  place-items:center;\n}\n\n\/* Tama\u00f1o \u201cbien\u201d: controla el frame para que no se dispare *\/\n.dtr-media-frame{\n  width:100%;\n  max-width: 560px;\n  aspect-ratio: 4 \/ 5;\n  border-radius:12px;\n  overflow:hidden;\n  display:grid;\n  place-items:center;\n  background:#fff;\n}\n\n.dtr-media-frame > img,\n.dtr-media-frame > video{\n  width:100%;\n  height:100%;\n  object-fit:contain;\n  display:block;\n  border-radius:12px;\n}\n<\/style>\n\n<div class=\"dtr-product-page\">\n\n  <!-- HERO -->\n  <section class=\"dtr-product-hero\">\n    <!-- Thumbnails -->\n    <div class=\"dtr-thumbs\" aria-label=\"Galer\u00eda de im\u00e1genes\">\n\n      <button class=\"dtr-thumb\" aria-current=\"true\" data-type=\"image\">\n        <img decoding=\"async\" src=\"https:\/\/mexico.distroller.com\/wp-content\/uploads\/2025\/09\/11ini.jpg\" alt=\"Ksi-Merito vista frontal\" loading=\"lazy\">\n      <\/button>\n\n      <button class=\"dtr-thumb\" data-type=\"image\">\n        <img decoding=\"async\" src=\"https:\/\/mexico.distroller.com\/wp-content\/uploads\/2025\/09\/11a.jpeg\" alt=\"Ksi-Merito vista frontal\" loading=\"lazy\">\n      <\/button>\n\n      <button class=\"dtr-thumb\" data-type=\"image\">\n        <img decoding=\"async\" src=\"https:\/\/mexico.distroller.com\/wp-content\/uploads\/2025\/09\/11b-2.jpg\" alt=\"Ksi-Merito accesorios\" loading=\"lazy\">\n      <\/button>\n\n      <button class=\"dtr-thumb\" data-type=\"image\">\n        <img decoding=\"async\" src=\"https:\/\/mexico.distroller.com\/wp-content\/uploads\/2025\/09\/11c-2.jpg\" alt=\"Ksi-Merito caja\" loading=\"lazy\">\n      <\/button>\n\n      <button class=\"dtr-thumb\" data-type=\"image\">\n        <img decoding=\"async\" src=\"https:\/\/mexico.distroller.com\/wp-content\/uploads\/2025\/09\/11dd.jpg\" alt=\"Ksi-Merito caja\" loading=\"lazy\">\n      <\/button>\n\n      <button class=\"dtr-thumb\" data-type=\"image\">\n        <img decoding=\"async\" src=\"https:\/\/mexico.distroller.com\/wp-content\/uploads\/2025\/09\/11ee.jpg\" alt=\"Ksi-Merito caja\" loading=\"lazy\">\n      <\/button>\n\n      <button class=\"dtr-thumb\" data-type=\"image\">\n        <img decoding=\"async\" src=\"https:\/\/mexico.distroller.com\/wp-content\/uploads\/2025\/09\/11ff.jpg\" alt=\"Ksi-Merito caja\" loading=\"lazy\">\n      <\/button>\n\n      <!-- \u2705 VIDEO (video6.jpg + video6.mp4) -->\n      <button class=\"dtr-thumb\"\n              data-type=\"video\"\n              data-video=\"https:\/\/mexico.distroller.com\/wp-content\/uploads\/2026\/01\/video6.mp4\"\n              aria-label=\"Ver video\">\n        <img decoding=\"async\" src=\"https:\/\/mexico.distroller.com\/wp-content\/uploads\/2026\/01\/video6.jpg\"\n             alt=\"Video Ksi-Merito Chivatita Kolors\" loading=\"lazy\">\n      <\/button>\n\n    <\/div>\n\n    <!-- Main media -->\n    <figure class=\"dtr-photo\">\n      <div class=\"dtr-media-frame\">\n\n        <!-- Imagen principal (default) -->\n        <img decoding=\"async\" id=\"dtr-main\"\n             src=\"https:\/\/mexico.distroller.com\/wp-content\/uploads\/2025\/09\/11ini.jpg\"\n             alt=\"Ksi-Merito vista frontal\">\n\n        <!-- Video principal (oculto por defecto) -->\n        <video id=\"dtr-main-video\"\n               controls\n               preload=\"metadata\"\n               playsinline\n               style=\"display:none;\">\n          <source src=\"\" type=\"video\/mp4\">\n          Tu navegador no soporta video.\n        <\/video>\n\n      <\/div>\n    <\/figure>\n\n    <!-- Info -->\n    <aside class=\"dtr-info\">\n      <h1 class=\"dtr-title\">Ksi-Merito<br>Chivatita Kolors<\/h1>\n\n      <p class=\"dtr-meta\">Art\u00edculo: 7506176911919<\/p>\n\n      <div class=\"dtr-buy-title\">\n        <p class=\"dtr-buy-subtitle\">Adopta tus cr\u00edos en tus tiendas favoritas<\/p>\n        <h2>\u00a1Encu\u00e9ntralos en!<\/h2>\n      <\/div>\n\n      <div class=\"dtr-buy dtr-buy--logos\">\n        <!-- Mercado Libre -->\n        <a class=\"dtr-store\" href=\"https:\/\/www.mercadolibre.com.mx\/ksi-merito-kolors-rosa-chivatita-distroller\/p\/MLM44495457?pdp_filters=official_store%3A2488#polycard_client=mshops-appearance-api&#038;source=eshops&#038;component=tabbed_carousel&#038;title=Ksi-merito+Kolors&#038;tracking_id=9809692d-26e9-4924-a567-d7609c6eea2f&#038;wid=MLM2201704013&#038;sid=storefronts&#038;global_position=9\" target=\"_blank\" rel=\"noopener\" aria-label=\"Comprar en Mercado Libre\">\n          <img decoding=\"async\" src=\"https:\/\/mexico.distroller.com\/wp-content\/uploads\/2025\/09\/logosfinales2\/mercadolibre.png\" alt=\"\">\n        <\/a>\n\n        <!-- Amazon -->\n        <a class=\"dtr-store\" href=\"https:\/\/www.amazon.com.mx\/Distroller-911919-KSI-merito-Chivatita-Kolors\/dp\/B0DK7XMV57?ref_=ast_sto_dp\" rel=\"noopener\" target=\"_blank\" aria-label=\"Comprar en Amazon\">\n          <img decoding=\"async\" src=\"https:\/\/mexico.distroller.com\/wp-content\/uploads\/2025\/09\/logosfinales2\/amazon.png\" alt=\"\">\n        <\/a>\n\n        <!-- Walmart -->\n        <a class=\"dtr-store\" href=\"https:\/\/www.walmart.com.mx\/search?q=distroller\" target=\"_blank\" rel=\"noopener\" aria-label=\"Comprar en Walmart\">\n          <img decoding=\"async\" src=\"https:\/\/mexico.distroller.com\/wp-content\/uploads\/2025\/09\/logosfinales2\/walmart.png\" alt=\"\">\n        <\/a>\n\n        <!-- Liverpool -->\n        <a class=\"dtr-store\" href=\"https:\/\/www.liverpool.com.mx\/tienda\/pdp\/mu%C3%B1eca-neonato-distroller-ksimerito\/1179997718?skuid=1179997718\" target=\"_blank\" rel=\"noopener\" aria-label=\"Comprar en Liverpool\">\n          <img decoding=\"async\" src=\"https:\/\/mexico.distroller.com\/wp-content\/uploads\/2025\/09\/logosfinales2\/liverpool.png\" alt=\"\">\n        <\/a>\n      <\/div>\n\n      <div class=\"dtr-desc\">\n        <h2 class=\"dtr-section-title\" style=\"margin-bottom:8px\">Descripci\u00f3n del cr\u00edo<\/h2>\n        <p>\n          Adopta a los cr\u00edos m\u00e1s traviesos de la galaxia!!!\n          Chivatita pertenece a la especie Ksi-merito, los pimpollos m\u00e1s traviesos del cunero!!! Tiene olor 102% delishus,\n          convierte su empaque en una neo-cuna\n        <\/p>\n      <\/div>\n    <\/aside>\n  <\/section>\n\n  <!-- RELATED (igual a tu p\u00e1gina) -->\n  <section class=\"dtr-related\">\n    <h2 class=\"dtr-section-title\">Neonatos similares<\/h2>\n    <div class=\"dtr-rel-track\">\n\n      <!-- Card 1 -->\n      <article class=\"dtr-card\">\n        <a href=\"https:\/\/mexico.distroller.com\/?page_id=5148\">\n          <img decoding=\"async\" src=\"https:\/\/mexico.distroller.com\/wp-content\/uploads\/2025\/09\/3ini.jpg\"\n               alt=\"Ksi-Merito Isabelonga Kolors\" loading=\"lazy\">\n        <\/a>\n        <h3>Ksi-Merito<\/h3>\n        <h3>Isabelonga Kolors<\/h3>\n        <p>Incluye chup\u00f3n y suero para cuidarlo!!!<\/p>\n        <a class=\"dtr-cta\" href=\"https:\/\/mexico.distroller.com\/?page_id=5148\">\n          <img decoding=\"async\" class=\"btn-adoptalo\"\n               src=\"https:\/\/mexico.distroller.com\/wp-content\/uploads\/2025\/09\/SITE-MAP-DISTROLLER-WEB-MOCKUP-2025-02.webp\"\n               alt=\"Ad\u00f3ptalo\">\n        <\/a>\n      <\/article>\n\n      <!-- Card 2 -->\n      <article class=\"dtr-card\">\n        <a href=\"https:\/\/mexico.distroller.com\/?page_id=5173\">\n          <img decoding=\"async\" src=\"https:\/\/mexico.distroller.com\/wp-content\/uploads\/2025\/09\/Carrusel6.png\"\n               alt=\"Mikro K-Kito Evaqador K-Karlita\" loading=\"lazy\">\n        <\/a>\n        <h3>Mikro K-Kito<\/h3>\n        <h3>Evaqador K-Karlita<\/h3>\n        <p>Incluye K-ki Esnak!!!<\/p>\n        <a class=\"dtr-cta\" href=\"https:\/\/mexico.distroller.com\/?page_id=5173\">\n          <img decoding=\"async\" class=\"btn-adoptalo\"\n               src=\"https:\/\/mexico.distroller.com\/wp-content\/uploads\/2025\/09\/SITE-MAP-DISTROLLER-WEB-MOCKUP-2025-02.webp\"\n               alt=\"Ad\u00f3ptalo\">\n        <\/a>\n      <\/article>\n\n      <!-- Card 3 -->\n      <article class=\"dtr-card\">\n        <a href=\"https:\/\/mexico.distroller.com\/?page_id=5169\">\n          <img decoding=\"async\" src=\"https:\/\/mexico.distroller.com\/wp-content\/uploads\/2025\/09\/5d.jpg\"\n               alt=\"Ksi-Merito Susikin Kolors\" loading=\"lazy\">\n        <\/a>\n        <h3>Ksi-Merito Susikin Kolors<\/h3>\n        <p>Incluye chup\u00f3n y suero para cuidarlo!!!<\/p>\n        <a class=\"dtr-cta\" href=\"https:\/\/mexico.distroller.com\/?page_id=5169\">\n          <img decoding=\"async\" class=\"btn-adoptalo\"\n               src=\"https:\/\/mexico.distroller.com\/wp-content\/uploads\/2025\/09\/SITE-MAP-DISTROLLER-WEB-MOCKUP-2025-02.webp\"\n               alt=\"Ad\u00f3ptalo\">\n        <\/a>\n      <\/article>\n\n      <!-- Card 4 -->\n      <article class=\"dtr-card\">\n        <a href=\"https:\/\/mexico.distroller.com\/?page_id=5191\">\n          <img decoding=\"async\" src=\"https:\/\/mexico.distroller.com\/wp-content\/uploads\/2021\/02\/fotos-CARROUSEL2-07.png\"\n               alt=\"Ksi-Merito Gemelo DeiNait Nochema\" loading=\"lazy\">\n        <\/a>\n        <h3>Ksi-Merito Gemelo DeiNait Nochema<\/h3>\n        <p>Incluye una tiniux pa&#8217;l ba\u00f1o nocturno!!!<\/p>\n        <a class=\"dtr-cta\" href=\"https:\/\/mexico.distroller.com\/?page_id=5191\">\n          <img decoding=\"async\" class=\"btn-adoptalo\"\n               src=\"https:\/\/mexico.distroller.com\/wp-content\/uploads\/2025\/09\/SITE-MAP-DISTROLLER-WEB-MOCKUP-2025-02.webp\"\n               alt=\"Ad\u00f3ptalo\">\n        <\/a>\n      <\/article>\n\n    <\/div>\n  <\/section>\n\n<\/div>\n\n<script>\n\/* Mini-galer\u00eda: im\u00e1genes + video *\/\n(function(){\n  const mainImg = document.getElementById('dtr-main');\n  const mainVideo = document.getElementById('dtr-main-video');\n  const videoSource = mainVideo.querySelector('source');\n  const thumbs = document.querySelectorAll('.dtr-thumb');\n\n  function showImage(img){\n    mainVideo.pause();\n    mainVideo.style.display = 'none';\n    mainImg.style.display = 'block';\n    mainImg.src = img.src;\n    mainImg.alt = img.alt;\n  }\n\n  function showVideo(url){\n    mainImg.style.display = 'none';\n    videoSource.src = url;\n    mainVideo.load();\n    mainVideo.style.display = 'block';\n    mainVideo.play().catch(()=>{});\n  }\n\n  thumbs.forEach(btn=>{\n    btn.addEventListener('click', ()=>{\n      thumbs.forEach(b=>b.setAttribute('aria-current','false'));\n      btn.setAttribute('aria-current','true');\n\n      const type = btn.dataset.type || 'image';\n      if(type === 'video'){\n        showVideo(btn.dataset.video);\n      }else{\n        const img = btn.querySelector('img');\n        showImage(img);\n      }\n    });\n\n    btn.addEventListener('keydown', e=>{\n      if(e.key === 'Enter' || e.key === ' '){\n        e.preventDefault();\n        btn.click();\n      }\n    });\n  });\n})();\n<\/script>\n\n<\/div>\n","protected":false},"excerpt":{"rendered":"<p>Tu navegador no soporta video. Ksi-MeritoChivatita Kolors Art\u00edculo: 7506176911919 Adopta tus cr\u00edos en tus tiendas favoritas \u00a1Encu\u00e9ntralos en! Descripci\u00f3n del cr\u00edo Adopta &#8230; <a title=\"Ksi-Merito Chivatita Kolors- Prod 11\" class=\"read-more\" href=\"https:\/\/mexico.distroller.com\/?page_id=5217\" aria-label=\"Read more about Ksi-Merito Chivatita Kolors- Prod 11\">Read more<\/a><\/p>\n","protected":false},"author":1,"featured_media":0,"parent":0,"menu_order":0,"comment_status":"closed","ping_status":"closed","template":"","meta":{"_acf_changed":false,"footnotes":""},"class_list":["post-5217","page","type-page","status-publish"],"acf":[],"_links":{"self":[{"href":"https:\/\/mexico.distroller.com\/index.php?rest_route=\/wp\/v2\/pages\/5217","targetHints":{"allow":["GET"]}}],"collection":[{"href":"https:\/\/mexico.distroller.com\/index.php?rest_route=\/wp\/v2\/pages"}],"about":[{"href":"https:\/\/mexico.distroller.com\/index.php?rest_route=\/wp\/v2\/types\/page"}],"author":[{"embeddable":true,"href":"https:\/\/mexico.distroller.com\/index.php?rest_route=\/wp\/v2\/users\/1"}],"replies":[{"embeddable":true,"href":"https:\/\/mexico.distroller.com\/index.php?rest_route=%2Fwp%2Fv2%2Fcomments&post=5217"}],"version-history":[{"count":33,"href":"https:\/\/mexico.distroller.com\/index.php?rest_route=\/wp\/v2\/pages\/5217\/revisions"}],"predecessor-version":[{"id":6516,"href":"https:\/\/mexico.distroller.com\/index.php?rest_route=\/wp\/v2\/pages\/5217\/revisions\/6516"}],"wp:attachment":[{"href":"https:\/\/mexico.distroller.com\/index.php?rest_route=%2Fwp%2Fv2%2Fmedia&parent=5217"}],"curies":[{"name":"wp","href":"https:\/\/api.w.org\/{rel}","templated":true}]}}