{"id":5148,"date":"2025-09-14T20:56:07","date_gmt":"2025-09-14T20:56:07","guid":{"rendered":"https:\/\/mexico.distroller.com\/wordpress2\/?page_id=5148"},"modified":"2026-01-30T18:14:00","modified_gmt":"2026-01-30T18:14:00","slug":"producto3","status":"publish","type":"page","link":"https:\/\/mexico.distroller.com\/?page_id=5148","title":{"rendered":"Ksi-Merito Isabelonga Kolors- Prod 3"},"content":{"rendered":"\n<div><\/div>\n\n\n\n<div class=\"dtr-product-page\">\n\n  <!-- HERO -->\n  <section class=\"dtr-product-hero\">\n    <!-- Thumbnails -->\n    <div class=\"dtr-thumbs\" aria-label=\"Galer\u00eda de im\u00e1genes\">\n<button class=\"dtr-thumb\" aria-current=\"true\">\n        <img decoding=\"async\" src=\"https:\/\/mexico.distroller.com\/wp-content\/uploads\/2025\/09\/3ini.jpg\" alt=\"Ksi-Merito vista frontal\" loading=\"lazy\">\n      <\/button>\n      <button class=\"dtr-thumb\" aria-current=\"true\">\n        <img decoding=\"async\" src=\"https:\/\/mexico.distroller.com\/wp-content\/uploads\/2025\/09\/3c.jpg\" alt=\"Ksi-Merito vista frontal\" loading=\"lazy\">\n      <\/button>\n      <button class=\"dtr-thumb\">\n        <img decoding=\"async\" src=\"https:\/\/mexico.distroller.com\/wp-content\/uploads\/2025\/09\/3b.jpg\" alt=\"Ksi-Merito accesorios\" loading=\"lazy\">\n      <\/button>\n      <button class=\"dtr-thumb\">\n        <img decoding=\"async\" src=\"https:\/\/mexico.distroller.com\/wp-content\/uploads\/2025\/09\/3e.jpg\" alt=\"Ksi-Merito caja\" loading=\"lazy\">\n      <\/button>\n       \n       <button class=\"dtr-thumb\">\n        <img decoding=\"async\" src=\"https:\/\/mexico.distroller.com\/wp-content\/uploads\/2025\/09\/3a.jpg\" alt=\"Ksi-Merito caja\" loading=\"lazy\">\n      <\/button>\n    <\/div>\n\n    <!-- Main image -->\n    <figure class=\"dtr-photo\">\n      <img decoding=\"async\" id=\"dtr-main\" src=\"https:\/\/mexico.distroller.com\/wp-content\/uploads\/2025\/09\/3ini.jpg\" alt=\"Ksi-merito Isabelonga\nKolors\">\n    <\/figure>\n\n    <!-- Info -->\n    <aside class=\"dtr-info\">\n      <h1 class=\"dtr-title\">Ksi-Merito Isabelonga\nKolors<\/h1>\n     \n      <p class=\"dtr-meta\">Art\u00edculo: 7506176911957<\/p>\n<div class=\"dtr-buy-title\">\n   <p class=\"dtr-buy-subtitle\">Adopta tus cr\u00edos en tus tiendas favoritas<\/p>\n  <h2>\u00a1Encu\u00e9ntralos en!<\/h2>\n  \n<\/div>\n\n      <div class=\"dtr-buy dtr-buy--logos\">\n  <!-- Mercado Libre -->\n  <a class=\"dtr-store\" href=\"https:\/\/www.mercadolibre.com.mx\/ksimerito-kolors-isabelonga-distroller\/up\/MLMU2831396199?pdp_filters=item_id:MLM2189612901#polycard_client=mshops-appearance-api&#038;source=eshops&#038;component=tabbed_carousel&#038;title=Ksi-merito+Kolors&#038;tracking_id=fd045156-10bb-455d-a81e-5dadbe22341c&#038;global_position=9\" target=\"_blank\" rel=\"noopener\" aria-label=\"Comprar en Mercado Libre\">\n    <img decoding=\"async\" src=\"https:\/\/mexico.distroller.com\/wp-content\/uploads\/2025\/09\/logosfinales2\/mercadolibre.png\" alt=\"\">\n  <\/a>\n\n  <!-- Amazon -->\n  <a class=\"dtr-store\" href=\"https:\/\/www.amazon.com.mx\/Distroller-911957-KSI-merito-Isabelonga-Kolors\/dp\/B0DNNP11N9?ref_=ast_sto_dp\" target=\"_blank\" rel=\"noopener\" aria-label=\"Comprar en Amazon\">\n    <img decoding=\"async\" src=\"https:\/\/mexico.distroller.com\/wp-content\/uploads\/2025\/09\/logosfinales2\/amazon.png\" alt=\"\">\n  <\/a>\n\n  <!-- Walmart -->\n  <a class=\"dtr-store\" href=\"https:\/\/www.walmart.com.mx\/search?q=distroller\" target=\"_blank\" rel=\"noopener\" aria-label=\"Comprar en Walmart\">\n    <img decoding=\"async\" src=\"https:\/\/mexico.distroller.com\/wp-content\/uploads\/2025\/09\/logosfinales2\/walmart.png\" alt=\"\">\n  <\/a>\n\n  <!-- Liverpool (nuevo) -->\n  <a class=\"dtr-store\" href=\"https:\/\/www.liverpool.com.mx\/tienda\/pdp\/mu%C3%B1eca-neonato-distroller-ksimerito\/1179999036?skuid=1179999036\" target=\"_blank\" rel=\"noopener\" aria-label=\"Comprar en Liverpool\">\n    <img decoding=\"async\" src=\"https:\/\/mexico.distroller.com\/wp-content\/uploads\/2025\/09\/logosfinales2\/liverpool.png\" alt=\"\">\n  <\/a>\n<\/div>\n\n\n      <div class=\"dtr-desc\">\n        <h2 class=\"dtr-section-title\" style=\"margin-bottom:8px\">Descripci\u00f3n del cr\u00edo<\/h2>\n        <p>\n          Adopta a los cr\u00edos m\u00e1s traviesos de la galaxia!!!\nIsabelonga pertenece a la especie Ksi-merito, los pimpollos m\u00e1s traviesos del cunero!!! Tiene olor 102% delishus, convierte su empaque en una neo-cuna\n        <\/p>\n      <\/div>\n    <\/aside>\n  <\/section>\n\n<!-- RELATED -->\n<section class=\"dtr-related\">\n  <h2 class=\"dtr-section-title\">Neonatos similares<\/h2>\n  <div class=\"dtr-rel-track\">\n    \n    <!-- Card 1 -->\n    <article class=\"dtr-card\">\n      <a href=\"https:\/\/mexico.distroller.com\/?page_id=4878\">\n        <img decoding=\"async\" src=\"https:\/\/mexico.distroller.com\/wp-content\/uploads\/2025\/09\/1c.jpg\" alt=\"Ksi-Merito Auchimerito Tullidanna\" loading=\"lazy\">\n      <\/a>\n      <h3>Ksi-Merito Auchimerito Tullidanna<\/h3>\n      <p>Incluye accesorios para la curaci\u00f3n de cr\u00edo traketeado!!!<\/p>\n      <a class=\"dtr-cta\" href=\"https:\/\/mexico.distroller.com\/?page_id=4878\">\n        <img decoding=\"async\" class=\"btn-adoptalo\" src=\"https:\/\/mexico.distroller.com\/wp-content\/uploads\/2025\/09\/SITE-MAP-DISTROLLER-WEB-MOCKUP-2025-02.webp\" alt=\"Ad\u00f3ptalo\">\n      <\/a>\n    <\/article>\n\n    <!-- Card 2 -->\n    <article class=\"dtr-card\">\n      <a href=\"https:\/\/mexico.distroller.com\/?page_id=5194\">\n        <img decoding=\"async\" src=\"https:\/\/mexico.distroller.com\/wp-content\/uploads\/2025\/09\/Carrusel8.png\" alt=\"KSI-MERITO DEI-NAIT DEISITA\" loading=\"lazy\">\n      <\/a>\n      <h3>Ksi-Merito Gemelo DeiNait Deisita<\/h3>\n      <p>Incluye una carroliux pa&#8217;l paseo en d\u00edas soleados!!!<\/p>\n      <a class=\"dtr-cta\" href=\"https:\/\/mexico.distroller.com\/?page_id=5194\">\n        <img decoding=\"async\" class=\"btn-adoptalo\" src=\"https:\/\/mexico.distroller.com\/wp-content\/uploads\/2025\/09\/SITE-MAP-DISTROLLER-WEB-MOCKUP-2025-02.webp\" alt=\"Ad\u00f3ptalo\">\n      <\/a>\n    <\/article>\n\n    <!-- Card 3 -->\n    <article class=\"dtr-card\">\n      <a href=\"https:\/\/mexico.distroller.com\/?page_id=5173\">\n        <img decoding=\"async\" src=\"https:\/\/mexico.distroller.com\/wp-content\/uploads\/2025\/09\/Carrusel6.png\" alt=\"Mikro K-Kito Evaqador K-Karlita\" loading=\"lazy\">\n      <\/a>\n      <h3>Mikro K-Kito Evaqador K-Karlita<\/h3>\n      <p>Incluye K-ki Esnak!!!<\/p>\n      <a class=\"dtr-cta\" href=\"https:\/\/mexico.distroller.com\/?page_id=5173\">\n        <img decoding=\"async\" class=\"btn-adoptalo\" src=\"https:\/\/mexico.distroller.com\/wp-content\/uploads\/2025\/09\/SITE-MAP-DISTROLLER-WEB-MOCKUP-2025-02.webp\" alt=\"Ad\u00f3ptalo\">\n      <\/a>\n    <\/article>\n\n    <!-- Card 4 -->\n    <article class=\"dtr-card\">\n      <a href=\"https:\/\/mexico.distroller.com\/?page_id=5191\">\n        <img decoding=\"async\" src=\"https:\/\/mexico.distroller.com\/wp-content\/uploads\/2021\/02\/fotos-CARROUSEL2-07.png\" alt=\"Ksi-Merito Gemelo DeiNait Nochema\" loading=\"lazy\">\n      <\/a>\n      <h3>Ksi-Merito Gemelo DeiNait Nochema<\/h3>\n      <p>Incluye una tiniux pa&#8217;l ba\u00f1o nocturno!!!<\/p>\n      <a class=\"dtr-cta\" href=\"https:\/\/mexico.distroller.com\/?page_id=5191\">\n        <img decoding=\"async\" class=\"btn-adoptalo\" src=\"https:\/\/mexico.distroller.com\/wp-content\/uploads\/2025\/09\/SITE-MAP-DISTROLLER-WEB-MOCKUP-2025-02.webp\" alt=\"Ad\u00f3ptalo\">\n      <\/a>\n    <\/article>\n\n  <\/div>\n<\/section>\n\n\n<\/div>\n\n<script>\n\/* Mini-galer\u00eda: cambia la imagen principal al hacer clic *\/\n(function(){\n  const main = document.getElementById('dtr-main');\n  const thumbs = document.querySelectorAll('.dtr-thumb');\n\n  thumbs.forEach(btn=>{\n    btn.addEventListener('click', ()=>{\n      thumbs.forEach(b=>b.setAttribute('aria-current','false'));\n      btn.setAttribute('aria-current','true');\n      const img = btn.querySelector('img');\n      main.src = img.src;\n      main.alt = img.alt;\n    });\n    btn.addEventListener('keydown', e=>{\n      if(e.key === 'Enter' || e.key === ' '){ e.preventDefault(); btn.click(); }\n    });\n  });\n})();\n<\/script>\n\n\n\n<p><\/p>\n","protected":false},"excerpt":{"rendered":"<p>Ksi-Merito Isabelonga Kolors Art\u00edculo: 7506176911957 Adopta tus cr\u00edos en tus tiendas favoritas \u00a1Encu\u00e9ntralos en! Descripci\u00f3n del cr\u00edo Adopta a los cr\u00edos m\u00e1s &#8230; <a title=\"Ksi-Merito Isabelonga Kolors- Prod 3\" class=\"read-more\" href=\"https:\/\/mexico.distroller.com\/?page_id=5148\" aria-label=\"Read more about Ksi-Merito Isabelonga Kolors- Prod 3\">Read more<\/a><\/p>\n","protected":false},"author":1,"featured_media":0,"parent":0,"menu_order":0,"comment_status":"closed","ping_status":"closed","template":"","meta":{"_acf_changed":false,"footnotes":""},"class_list":["post-5148","page","type-page","status-publish"],"acf":[],"_links":{"self":[{"href":"https:\/\/mexico.distroller.com\/index.php?rest_route=\/wp\/v2\/pages\/5148","targetHints":{"allow":["GET"]}}],"collection":[{"href":"https:\/\/mexico.distroller.com\/index.php?rest_route=\/wp\/v2\/pages"}],"about":[{"href":"https:\/\/mexico.distroller.com\/index.php?rest_route=\/wp\/v2\/types\/page"}],"author":[{"embeddable":true,"href":"https:\/\/mexico.distroller.com\/index.php?rest_route=\/wp\/v2\/users\/1"}],"replies":[{"embeddable":true,"href":"https:\/\/mexico.distroller.com\/index.php?rest_route=%2Fwp%2Fv2%2Fcomments&post=5148"}],"version-history":[{"count":43,"href":"https:\/\/mexico.distroller.com\/index.php?rest_route=\/wp\/v2\/pages\/5148\/revisions"}],"predecessor-version":[{"id":6503,"href":"https:\/\/mexico.distroller.com\/index.php?rest_route=\/wp\/v2\/pages\/5148\/revisions\/6503"}],"wp:attachment":[{"href":"https:\/\/mexico.distroller.com\/index.php?rest_route=%2Fwp%2Fv2%2Fmedia&parent=5148"}],"curies":[{"name":"wp","href":"https:\/\/api.w.org\/{rel}","templated":true}]}}