{"id":3589,"date":"2021-01-30T19:30:13","date_gmt":"2021-01-30T19:30:13","guid":{"rendered":"https:\/\/sites.generatepress.com\/shop\/?page_id=3589"},"modified":"2025-10-06T19:22:11","modified_gmt":"2025-10-06T19:22:11","slug":"contact","status":"publish","type":"page","link":"https:\/\/mexico.distroller.com\/?page_id=3589","title":{"rendered":"Preguntas frecuentes"},"content":{"rendered":"\n<div class=\"gb-element-f146fba8\">\n<!-- ===================== -->\n<!--  FAQ Distroller (HTML) -->\n<!-- ===================== -->\n<section class=\"faq-dtr\" aria-labelledby=\"faq-title\">\n  \n\n  <!-- 1 -->\n  <details class=\"faq-item\" open>\n    <summary class=\"faq-q\">\n      \u00bfQu\u00e9 es Distroller?\n      <svg class=\"faq-icon\" viewBox=\"0 0 24 24\" width=\"20\" height=\"20\" aria-hidden=\"true\">\n        <path d=\"M12 5v14M5 12h14\" stroke=\"currentColor\" stroke-width=\"2\" fill=\"none\" stroke-linecap=\"round\"\/>\n      <\/svg>\n    <\/summary>\n    <div class=\"faq-a\">\n      <p>\n        <strong>Distroller \u00a9 <\/strong>es una marca de entretenimiento orgullosamente <strong>102% mexicana<\/strong>, creada en 2004 por <strong>Amparo Serrano, Ampar\u00edn.<\/strong>\nPionera en ofrecer experiencias de diversi\u00f3n disruptivas que generan momentos de alegr\u00eda sin l\u00edmites, Distroller se enfoca en estimular la imaginaci\u00f3n y la creatividad a trav\u00e9s de productos coloridos, divertidos e inspiradores.\nNo importa si tienes 0 o 102 a\u00f1os: <strong>Distroller es un universo<\/strong> donde todas las especies son bienvenidas, celebrando lo extraordinario en lo ordinario.\nNuestros productos est\u00e1n dise\u00f1ados para animar a los ni\u00f1os a abrazar su individualidad y sentirse orgullosos de quienes son. Ya sea a trav\u00e9s de sus entra\u00f1ables personajes o de sus innovadores productos, Distroller crea un mundo de diversi\u00f3n del que nadie querr\u00e1 salir.\n      <\/p>\n    <\/div>\n  <\/details>\n\n  <!-- 2 -->\n  <details class=\"faq-item\">\n    <summary class=\"faq-q\">\n      \u00bfD\u00f3nde puedo adoptar un Neonato?\n      <svg class=\"faq-icon\" viewBox=\"0 0 24 24\" width=\"20\" height=\"20\" aria-hidden=\"true\">\n        <path d=\"M12 5v14M5 12h14\" stroke=\"currentColor\" stroke-width=\"2\" fill=\"none\" stroke-linecap=\"round\"\/>\n      <\/svg>\n    <\/summary>\n    <div class=\"faq-a\">\n      <p>Puedes adoptar un Neonato en l\u00ednea tanto en Amazon y Mercado Libre, tambien los puede encontrar Walmart, Liverpool, Sears, Coppel, La Comer, Soriana, Suburbia,Sanborns, Woolworth y Jugueter\u00edas Julio Cepeda<\/p>\n      <ul>\n        <li><a href=\"https:\/\/www.mercadolibre.com.mx\/tienda\/distroller\" target=\"_blank\" rel=\"noopener\">Mercado Libre<\/a><\/li>\n        <li><a href=\"https:\/\/www.amazon.com.mx\/stores\/page\/63CA5122-8845-4948-8F8B-304802051923?ingress=0\" target=\"_blank\" rel=\"noopener\">Amazon M\u00e9xico<\/a><\/li>\n<li><a href=\"https:\/\/www.liverpool.com.mx\/tienda?s=distroller\" target=\"_blank\" rel=\"noopener\">Liverpool<\/a><\/li>\n        <li><a href=\"https:\/\/www.walmart.com.mx\/search?q=distroller\" target=\"_blank\" rel=\"noopener\">Walmart<\/a><\/li>\n      <\/ul>\n      \n    <\/div>\n  <\/details>\n\n  <!-- 3 -->\n  <details class=\"faq-item\">\n    <summary class=\"faq-q\">\n      \u00bfQu\u00e9 puedo hacer si mi Neonato se siente mal o tengo dudas de c\u00f3mo cuidarlo?\n      <svg class=\"faq-icon\" viewBox=\"0 0 24 24\" width=\"20\" height=\"20\" aria-hidden=\"true\">\n        <path d=\"M12 5v14M5 12h14\" stroke=\"currentColor\" stroke-width=\"2\" fill=\"none\" stroke-linecap=\"round\"\/>\n      <\/svg>\n    <\/summary>\n    <div class=\"faq-a\">\n      <p>\n        Puedes encontrar como darle todos los cuidados a tus pimpollos en nuestro canal de <a href=\"https:\/\/www.youtube.com\/@Distroller\" target=\"_blank\" rel=\"noopener\"> DISTROLLERTUBE<\/a>  donde la <strong>Enfermera Tania<\/strong> te dar\u00e1 todos los tips para los cuidados de tu Neonato.\n      <\/p>\n     \n    <\/div>\n  <\/details>\n\n  <!-- 4 -->\n  <details class=\"faq-item\">\n    <summary class=\"faq-q\">\n      \u00bfD\u00f3nde puedo saber sobre sus nuevos lanzamientos?\n      <svg class=\"faq-icon\" viewBox=\"0 0 24 24\" width=\"20\" height=\"20\" aria-hidden=\"true\">\n        <path d=\"M12 5v14M5 12h14\" stroke=\"currentColor\" stroke-width=\"2\" fill=\"none\" stroke-linecap=\"round\"\/>\n      <\/svg>\n    <\/summary>\n    <div class=\"faq-a\">\n      <p>\n        Siguenos en todas nuestras redes sociales oficiales y no te pierdas nuestros nuevos lanzamientos y noticias morrokotudas\n      \n<ul class=\"faq-social\">\n        <li><a href=\"https:\/\/www.instagram.com\/distrollergram\" target=\"_blank\" rel=\"noopener\">Distrollergram<\/a><\/li>\n        <li><a href=\"https:\/\/www.facebook.com\" target=\"_blank\" rel=\"noopener\">@Distroller<\/a><\/li>\n        <li><a href=\"https:\/\/www.tiktok.com\/@distrolleroficial\" target=\"_blank\" rel=\"noopener\">Distrolleroficial<\/a><\/li>\n        <li><a href=\"https:\/\/www.youtube.com\/@distrollerfube\" target=\"_blank\" rel=\"noopener\">Distrollertube<\/a><\/li>\n      <\/ul>\n      <\/p>\n    <\/div>\n  <\/details>\n\n  <!-- 5 -->\n  <details class=\"faq-item\">\n    <summary class=\"faq-q\">\n      \u00bfQu\u00e9 puedo hacer si mi Neonato tiene alg\u00fan defecto?\n      <svg class=\"faq-icon\" viewBox=\"0 0 24 24\" width=\"20\" height=\"20\" aria-hidden=\"true\">\n        <path d=\"M12 5v14M5 12h14\" stroke=\"currentColor\" stroke-width=\"2\" fill=\"none\" stroke-linecap=\"round\"\/>\n      <\/svg>\n    <\/summary>\n    <div class=\"faq-a\">\n      <p>\n        Te pedidmos te pongas en contacto con el Servicio a Clientes de la tienda donde adoptaste tu Neonato para que te puedan ayudar con un cambio o devoluci\u00f3n.\n      <\/p>\n    <\/div>\n  <\/details>\n\n  <!-- 6 -->\n  <details class=\"faq-item\">\n    <summary class=\"faq-q\">\n      \u00bfTienes alguna duda o comentario?\n      <svg class=\"faq-icon\" viewBox=\"0 0 24 24\" width=\"20\" height=\"20\" aria-hidden=\"true\">\n        <path d=\"M12 5v14M5 12h14\" stroke=\"currentColor\" stroke-width=\"2\" fill=\"none\" stroke-linecap=\"round\"\/>\n      <\/svg>\n    <\/summary>\n    <div class=\"faq-a\">\n      <p>\n        Env\u00edanos un correo a <a href=\"mailto:contacto@distroller.com\">contacto@distroller.com<\/a>.\n       \n      <\/p>\n    <\/div>\n  <\/details>\n<\/section>\n\n<style>\n  :root{\n    --dtr-primary:#6a32c9;    \/* morado Distroller *\/\n    --dtr-accent:#ffdd55;     \/* acento *\/\n    --dtr-ink:#342b4a;        \/* texto principal *\/\n    --dtr-soft:#f6f4ff;       \/* fondo suave *\/\n  }\n\n  .faq-dtr{\n    max-width: 920px;\n    margin: clamp(16px,4vw,40px) auto;\n    padding: 0 clamp(12px,3vw,20px);\n  }\n\n  .faq-dtr h2{\n    font-size: clamp(1.6rem, 2vw, 2rem);\n    color: var(--dtr-ink);\n    text-align: center;\n    margin-bottom: 20px;\n  }\n\n  \/* Item *\/\n  .faq-item{\n    background: #fff;\n    border-radius: 14px;\n    border: 1px solid #ebe7ff;\n    box-shadow: 0 8px 24px rgba(106,50,201,.06);\n    overflow: hidden;\n    margin-bottom: 12px;\n    transition: box-shadow .2s ease, border-color .2s ease;\n  }\n  .faq-item[open]{ box-shadow: 0 12px 28px rgba(106,50,201,.12); border-color: rgba(106,50,201,.25); }\n\n  \/* Summary (pregunta) *\/\n  .faq-q{\n    list-style: none;\n    cursor: pointer;\n    position: relative;\n    padding: 18px 56px 18px 18px;\n    font-weight: 700;\n    color: var(--dtr-ink);\n    background: linear-gradient(180deg,#fff, #fff);\n    display: grid;\n    align-items: center;\n  }\n  .faq-q::-webkit-details-marker{ display: none; }\n\n  \/* Icono +\/x rotatorio *\/\n  .faq-icon{\n    position: absolute;\n    right: 16px;\n    top: 50%;\n    transform: translateY(-50%) rotate(0deg);\n    color: var(--dtr-primary);\n    transition: transform .2s ease;\n  }\n  .faq-item[open] .faq-icon{ transform: translateY(-50%) rotate(45deg); } \/* convierte + en \u00d7 *\/\n\n  \/* Respuesta *\/\n  .faq-a{\n    padding: 0 18px 18px 18px;\n    color: #4b4761;\n    line-height: 1.6;\n    animation: dtr-slide .22s ease;\n    background: var(--dtr-soft);\n    border-top: 1px dashed rgba(106,50,201,.2);\n  }\n  .faq-a p{ margin: 14px 0 0 0; }\n  .faq-a ul{ margin: 8px 0 0 18px; }\n  .faq-a a{ color: var(--dtr-primary); text-decoration: underline; }\n  .faq-social{ display:flex; gap:10px; flex-wrap:wrap; padding-left: 0; list-style: none; }\n\n  @keyframes dtr-slide{\n    from{ opacity:.5; transform: translateY(-4px); }\n    to{ opacity:1; transform: translateY(0); }\n  }\n\n\/* ===== FAQ con colores Distroller ===== *\/\n\n\/* Paleta por item (c\u00edclica cada 5 preguntas) *\/\n.faq-dtr .faq-item:nth-of-type(5n+1){ --faq-accent:#6a32c9; --faq-tint:#f3ecff; } \/* morado *\/\n.faq-dtr .faq-item:nth-of-type(5n+2){ --faq-accent:#ff66b3; --faq-tint:#ffe7f2; } \/* rosa *\/\n.faq-dtr .faq-item:nth-of-type(5n+3){ --faq-accent:#ffdd55; --faq-tint:#fff7d6; } \/* amarillo *\/\n.faq-dtr .faq-item:nth-of-type(5n+4){ --faq-accent:#29e6f6; --faq-tint:#e9fbff; } \/* aqua *\/\n.faq-dtr .faq-item:nth-of-type(5n+5){ --faq-accent:#8aff8a; --faq-tint:#edffef; } \/* verde *\/\n\n\/* Caja base con acento y fondo suave *\/\n.faq-dtr .faq-item{\n  border: 1px solid rgba(0,0,0,.06);\n  border-left: 8px solid var(--faq-accent);\n  background: var(--faq-tint);\n  box-shadow: 0 8px 24px rgba(31,22,54,.08);\n  transition: box-shadow .2s ease, transform .15s ease, background .2s ease;\n}\n\n\/* Efecto hover *\/\n.faq-dtr .faq-item:hover{\n  transform: translateY(-2px);\n  box-shadow: 0 12px 28px rgba(31,22,54,.12);\n}\n\n\/* Pregunta: sutil degradado y acento en el icono *\/\n.faq-dtr .faq-q{\n  background: linear-gradient(180deg,#fff, var(--faq-tint));\n  color: var(--dtr-dark, #1f1636);\n  padding: 18px 56px 18px 18px; \/* conserva tu spacing *\/\n}\n.faq-dtr .faq-icon{ color: var(--faq-accent); }\n\n\/* Estado abierto: caja blanca con borde coloreado y \u201cdivider\u201d al contenido *\/\n.faq-dtr .faq-item[open]{\n  background:#fff;\n  border-color: rgba(0,0,0,.08);\n  border-left-color: var(--faq-accent);\n  box-shadow: 0 12px 28px rgba(31,22,54,.14);\n}\n.faq-dtr .faq-item[open] .faq-q{\n  background: #fff;\n  border-bottom: 1px dashed color-mix(in srgb, var(--faq-accent) 35%, transparent);\n}\n\n\/* Respuesta con fondo muy suave y borde top punteado del color del item *\/\n.faq-dtr .faq-a{\n  background: var(--faq-tint);\n  border-top: 1px dashed color-mix(in srgb, var(--faq-accent) 35%, transparent);\n}\n\n\/* Links con color del item y subrayado al hover *\/\n.faq-dtr .faq-a a{\n  color: var(--faq-accent);\n  text-decoration: underline;\n}\n.faq-dtr .faq-a a:hover{\n  text-decoration-thickness: 2px;\n}\n\n<\/style>\n\n<script>\n  \/\/ Cerrar otros acordeones al abrir uno (opcional)\n  (function () {\n    const items = document.querySelectorAll('.faq-dtr .faq-item');\n    items.forEach((d,i)=>{\n      d.addEventListener('toggle', ()=>{\n        if (d.open){\n          items.forEach((o,j)=>{ if(i!==j) o.removeAttribute('open'); });\n        }\n      });\n    });\n  })();\n<\/script>\n<\/div>\n","protected":false},"excerpt":{"rendered":"<p>\u00bfQu\u00e9 es Distroller? Distroller \u00a9 es una marca de entretenimiento orgullosamente 102% mexicana, creada en 2004 por Amparo Serrano, Ampar\u00edn. Pionera en &#8230; <a title=\"Preguntas frecuentes\" class=\"read-more\" href=\"https:\/\/mexico.distroller.com\/?page_id=3589\" aria-label=\"Read more about Preguntas frecuentes\">Read more<\/a><\/p>\n","protected":false},"author":1,"featured_media":0,"parent":0,"menu_order":0,"comment_status":"closed","ping_status":"closed","template":"","meta":{"_acf_changed":false,"footnotes":""},"class_list":["post-3589","page","type-page","status-publish"],"acf":[],"_links":{"self":[{"href":"https:\/\/mexico.distroller.com\/index.php?rest_route=\/wp\/v2\/pages\/3589","targetHints":{"allow":["GET"]}}],"collection":[{"href":"https:\/\/mexico.distroller.com\/index.php?rest_route=\/wp\/v2\/pages"}],"about":[{"href":"https:\/\/mexico.distroller.com\/index.php?rest_route=\/wp\/v2\/types\/page"}],"author":[{"embeddable":true,"href":"https:\/\/mexico.distroller.com\/index.php?rest_route=\/wp\/v2\/users\/1"}],"replies":[{"embeddable":true,"href":"https:\/\/mexico.distroller.com\/index.php?rest_route=%2Fwp%2Fv2%2Fcomments&post=3589"}],"version-history":[{"count":27,"href":"https:\/\/mexico.distroller.com\/index.php?rest_route=\/wp\/v2\/pages\/3589\/revisions"}],"predecessor-version":[{"id":6224,"href":"https:\/\/mexico.distroller.com\/index.php?rest_route=\/wp\/v2\/pages\/3589\/revisions\/6224"}],"wp:attachment":[{"href":"https:\/\/mexico.distroller.com\/index.php?rest_route=%2Fwp%2Fv2%2Fmedia&parent=3589"}],"curies":[{"name":"wp","href":"https:\/\/api.w.org\/{rel}","templated":true}]}}